{"id":1056,"date":"2011-02-25T09:22:13","date_gmt":"2011-02-25T07:22:13","guid":{"rendered":"http:\/\/www.kevin-tastic.de\/?page_id=1056"},"modified":"2021-03-06T16:43:14","modified_gmt":"2021-03-06T14:43:14","slug":"about-2","status":"publish","type":"page","link":"https:\/\/www.kevin-tastic.de\/?page_id=1056","title":{"rendered":"\u00dcber"},"content":{"rendered":"<p><a title=\"herbsttage in holland\" href=\"http:\/\/www.kevin-tastic.de\/wp-content\/gallery\/in-noordwijk\/CIMG4003.jpg\" rel=\"lightbox[]\"><img decoding=\"async\" class=\"ngg-singlepic ngg-right\" src=\"http:\/\/www.kevin-tastic.de\/wp-content\/gallery\/in-noordwijk\/thumbs\/thumbs_CIMG4003.jpg\" alt=\"herbsttage in holland\"><\/a><br \/>\n<strong>verwendetes theme<\/strong><\/p>\n<ul>\n<li>TODO<\/li>\n<\/ul>\n<p><strong>verwendete plug-ins<\/strong><\/p>\n<ul>\n<li>CyStat:<br \/>\n<a href=\"http:\/\/www.cywhale.de\/cystats-wordpress-statistik-plugin\/\" target=\"_blank\" rel=\"noopener\">http:\/\/www.cywhale.de\/cystats-wordpress-statistik-plugin<\/a><\/li>\n<li>Lightbox 2:<br \/>\n<a href=\"http:\/\/www.stimuli.ca\/lightbox\/\" target=\"_blank\" rel=\"noopener\">http:\/\/www.stimuli.ca\/lightbox\/<\/a><\/li>\n<li>NextGEN Gallery:<br \/>\n<a href=\"http:\/\/alexrabe.de\/?page_id=80\" target=\"_blank\" rel=\"noopener\">http:\/\/alexrabe.de\/?page_id=80<\/a><\/li>\n<li>WP-Cumulus:<br \/>\n<a href=\"http:\/\/www.roytanck.com\/2008\/03\/15\/wp-cumulus-released\" target=\"_blank\" rel=\"noopener\">http:\/\/www.roytanck.com\/2008\/03\/15\/wp-cumulus-released<\/a><\/li>\n<li>WPtouch:<br \/>\n<a href=\"http:\/\/www.bravenewcode.com\/wptouch\" target=\"_blank\" rel=\"noopener\">http:\/\/www.bravenewcode.com\/wptouch<\/a><\/li>\n<\/ul>\n<p><strong>verantwortlich<\/strong><br \/>\nf\u00fcr den inhalt dieses blogs: ren\u00e9 dettmer<\/p>\n<p><strong>rechtliche hinweise<\/strong><br \/>\ntrotz sorgf\u00e4ltiger recherche zu den inhalten dieser website, kann sich der fehlerteufel eingeschlichen haben. sollte dies der fall sein und euch ist etwas aufgefallen, dann bin ich f\u00fcr eine kurze info dankbar.<\/p>\n<p><strong>externe links<\/strong><br \/>\nf\u00fcr die inhalte externer links, sind ausschliesslich deren betreiber verantwortlich und es kann hier keine haftung \u00fcbernommen werden. desweitern distanziere ich mich ausdr\u00fccklich von den inhalten der verlinkten websites.<\/p>\n","protected":false},"excerpt":{"rendered":"<p>verwendetes theme TODO verwendete plug-ins CyStat: http:\/\/www.cywhale.de\/cystats-wordpress-statistik-plugin Lightbox 2: http:\/\/www.stimuli.ca\/lightbox\/ NextGEN Gallery: http:\/\/alexrabe.de\/?page_id=80 WP-Cumulus: http:\/\/www.roytanck.com\/2008\/03\/15\/wp-cumulus-released WPtouch: http:\/\/www.bravenewcode.com\/wptouch verantwortlich f\u00fcr den inhalt dieses blogs: ren\u00e9 dettmer rechtliche hinweise trotz sorgf\u00e4ltiger recherche zu den inhalten dieser website, kann sich der fehlerteufel eingeschlichen haben. sollte dies der fall sein und euch ist etwas aufgefallen, dann bin ich f\u00fcr &hellip; <\/p>\n<p class=\"link-more\"><a href=\"https:\/\/www.kevin-tastic.de\/?page_id=1056\" class=\"more-link\"><span class=\"screen-reader-text\">\u201e\u00dcber\u201c<\/span> weiterlesen<\/a><\/p>\n","protected":false},"author":2,"featured_media":2553,"parent":0,"menu_order":3,"comment_status":"closed","ping_status":"closed","template":"","meta":{"ngg_post_thumbnail":0,"footnotes":""},"class_list":["post-1056","page","type-page","status-publish","has-post-thumbnail","hentry"],"jetpack_sharing_enabled":true,"_links":{"self":[{"href":"https:\/\/www.kevin-tastic.de\/index.php?rest_route=\/wp\/v2\/pages\/1056","targetHints":{"allow":["GET"]}}],"collection":[{"href":"https:\/\/www.kevin-tastic.de\/index.php?rest_route=\/wp\/v2\/pages"}],"about":[{"href":"https:\/\/www.kevin-tastic.de\/index.php?rest_route=\/wp\/v2\/types\/page"}],"author":[{"embeddable":true,"href":"https:\/\/www.kevin-tastic.de\/index.php?rest_route=\/wp\/v2\/users\/2"}],"replies":[{"embeddable":true,"href":"https:\/\/www.kevin-tastic.de\/index.php?rest_route=%2Fwp%2Fv2%2Fcomments&post=1056"}],"version-history":[{"count":25,"href":"https:\/\/www.kevin-tastic.de\/index.php?rest_route=\/wp\/v2\/pages\/1056\/revisions"}],"predecessor-version":[{"id":2881,"href":"https:\/\/www.kevin-tastic.de\/index.php?rest_route=\/wp\/v2\/pages\/1056\/revisions\/2881"}],"wp:featuredmedia":[{"embeddable":true,"href":"https:\/\/www.kevin-tastic.de\/index.php?rest_route=\/wp\/v2\/media\/2553"}],"wp:attachment":[{"href":"https:\/\/www.kevin-tastic.de\/index.php?rest_route=%2Fwp%2Fv2%2Fmedia&parent=1056"}],"curies":[{"name":"wp","href":"https:\/\/api.w.org\/{rel}","templated":true}]}}